{"id":21,"date":"2022-03-23T12:50:48","date_gmt":"2022-03-23T12:50:48","guid":{"rendered":"http:\/\/silveiraecasado.com.br\/?page_id=21"},"modified":"2022-04-28T18:41:22","modified_gmt":"2022-04-28T18:41:22","slug":"o-escritorio","status":"publish","type":"page","link":"http:\/\/silveiraecasado.com.br\/?page_id=21","title":{"rendered":"O ESCRIT\u00d3RIO"},"content":{"rendered":"<div id='av_section_1'  class='avia-section av-51kl9-1b601ba94502862970d462915974509b main_color avia-section-default avia-no-border-styling  avia-builder-el-0  el_before_av_section  avia-builder-el-first  avia-bg-style-parallax av-minimum-height av-minimum-height-25  container_wrap fullsize'   data-av_minimum_height_pc='25'><div class='container av-section-cont-open' ><main  role=\"main\" itemprop=\"mainContentOfPage\"  class='template-page content  av-content-full alpha units'><div class='post-entry post-entry-type-page post-entry-21'><div class='entry-content-wrapper clearfix'>\n\n<style type=\"text\/css\" data-created_by=\"avia_inline_auto\" id=\"style-css-av-l15g6szn-6924fe7de06d46d5ecb198b0d53af1bd\">\n#top .av-special-heading.av-l15g6szn-6924fe7de06d46d5ecb198b0d53af1bd{\npadding-bottom:10px;\ncolor:#ffffff;\n}\nbody .av-special-heading.av-l15g6szn-6924fe7de06d46d5ecb198b0d53af1bd .av-special-heading-tag .heading-char{\nfont-size:25px;\n}\n.av-special-heading.av-l15g6szn-6924fe7de06d46d5ecb198b0d53af1bd .special-heading-inner-border{\nborder-color:#ffffff;\n}\n.av-special-heading.av-l15g6szn-6924fe7de06d46d5ecb198b0d53af1bd .av-subheading{\nfont-size:15px;\n}\n<\/style>\n<div  class='av-special-heading av-l15g6szn-6924fe7de06d46d5ecb198b0d53af1bd av-special-heading-h1 custom-color-heading blockquote modern-quote modern-centered  avia-builder-el-1  avia-builder-el-no-sibling '><h1 class='av-special-heading-tag'  itemprop=\"headline\"  >O ESCRIT\u00d3RIO<\/h1><div class=\"special-heading-border\"><div class=\"special-heading-inner-border\"><\/div><\/div><\/div>\n\n<\/div><\/div><\/main><!-- close content main element --><\/div><\/div><div id='av_section_2'  class='avia-section av-4k5nt-ef5039672778699b7c9681ffc48b1a17 main_color avia-section-default avia-no-border-styling  avia-builder-el-2  el_after_av_section  el_before_av_section  av-medium-hide av-small-hide av-mini-hide avia-bg-style-scroll container_wrap fullsize'  ><div class='container av-section-cont-open' ><div class='template-page content  av-content-full alpha units'><div class='post-entry post-entry-type-page post-entry-21'><div class='entry-content-wrapper clearfix'>\n<div class='flex_column av-5lmx-04e036f5a77d4d47cedbf009355084de av_one_half  avia-builder-el-3  el_before_av_one_half  avia-builder-el-first  first flex_column_div '   ><style type=\"text\/css\" data-created_by=\"avia_inline_auto\" id=\"style-css-av-l15g4yvj-87150afa4e1b635ca89df01df63d70d4\">\n#top .av_textblock_section.av-l15g4yvj-87150afa4e1b635ca89df01df63d70d4 .avia_textblock{\ncolor:#000000;\ntext-align:justify;\n}\n<\/style>\n<section  class='av_textblock_section av-l15g4yvj-87150afa4e1b635ca89df01df63d70d4'  itemscope=\"itemscope\" itemtype=\"https:\/\/schema.org\/CreativeWork\" ><div class='avia_textblock av_inherit_color'  itemprop=\"text\" ><p>O escrit\u00f3rio\u00a0<strong>Silveira &#038; Casado Advogados Associados<\/strong>\u00a0encontra-se registrado na OAB\/RS sob o n\u00ba 3.677. Fundado em 2009, a hist\u00f3ria do escrit\u00f3rio de advocacia Silveira &#038; Casado, localizado em bairro nobre de Porto Alegre, carrega consigo uma marca de\u00a0<strong>credibilidade e responsabilidade<\/strong>\u00a0para com seus clientes, norteando sua atua\u00e7\u00e3o pelo\u00a0<strong>estudo da ci\u00eancia jur\u00eddica<\/strong>\u00a0e o apego \u00e0\u00a0<strong>\u00e9tica<\/strong>, \u00e0\u00a0<strong>seriedade<\/strong>, \u00e0 efic\u00e1cia e \u00e0\u00a0<strong>honestidade<\/strong>\u00a0no exerc\u00edcio da profiss\u00e3o.<\/p>\n<p>Seus s\u00f3cios fundadores\u00a0<strong>Diego Torres Silveira<\/strong>\u00a0e\u00a0<strong>Leandro Pitrez Casado<\/strong>, al\u00e9m de descenderem de fam\u00edlias com tradi\u00e7\u00e3o na \u00e1rea Jur\u00eddica, pertencentes \u00e0s cortes jurisdicionais, inclusive Supremo Tribunal Federal em forma\u00e7\u00e3o de um passado n\u00e3o t\u00e3o recente, bem como os demais integrantes da equipe, possuem\u00a0<strong>ampla experi\u00eancia profissional<\/strong> nas \u00e1reas c\u00edvel, trabalhista, banc\u00e1ria, previdenci\u00e1ria e de previd\u00eancia complementar.<\/p>\n<p>Ao longo desses anos de atua\u00e7\u00e3o o escrit\u00f3rio desenvolveu trabalhos e projetos jur\u00eddicos na\u00a0<strong>Regi\u00e3o Sul<\/strong>\u00a0do Pa\u00eds e nos Tribunais Superiores, tendo filiais nos Estados de\u00a0<strong>Santa Catarina<\/strong>, em Florian\u00f3polis, <strong>Paran\u00e1,<\/strong>\u00a0em Curitiba, e no Distrito Federal.<\/p>\n<\/div><\/section><\/div><div class='flex_column av-tysp-b688ae1cfe7a6192bcfbdbae82d2cfcc av_one_half  avia-builder-el-5  el_after_av_one_half  avia-builder-el-last  flex_column_div '   ><style type=\"text\/css\" data-created_by=\"avia_inline_auto\" id=\"style-css-av-l1dfxwzg-edb3c6317f067782529c8b0e4dc8bc2f\">\n#top .av_textblock_section.av-l1dfxwzg-edb3c6317f067782529c8b0e4dc8bc2f .avia_textblock{\ncolor:#000000;\ntext-align:justify;\n}\n<\/style>\n<section  class='av_textblock_section av-l1dfxwzg-edb3c6317f067782529c8b0e4dc8bc2f'  itemscope=\"itemscope\" itemtype=\"https:\/\/schema.org\/CreativeWork\" ><div class='avia_textblock av_inherit_color'  itemprop=\"text\" ><p>Os profissionais que atuam na sociedade s\u00e3o\u00a0<strong>altamente capacitados<\/strong>, especialistas em diversos ramos do direito, com\u00a0<strong>comprovada experi\u00eancia<\/strong>\u00a0em demandas que envolvem institui\u00e7\u00f5es financeiras e funda\u00e7\u00f5es de previd\u00eancia privada.<\/p>\n<p>Todos os integrantes da sociedade\u00a0<strong>dominam plenamente<\/strong>\u00a0a operacionaliza\u00e7\u00e3o dos sistemas de controle processual atinentes a seus clientes, bem como do sistema Legal One, adquirido e utilizado pelo escrit\u00f3rio na ger\u00eancia de sua carteira de processos.<\/p>\n<p>As empresas constantes da carteira de clientes desenvolvem as mais variadas atividades dentro do mercado de trabalho, consequentemente,\u00a0<strong>ampliando a atua\u00e7\u00e3o da sociedade<\/strong>.<\/p>\n<p>A Silveira &#038; Casado investiu e continua investindo cada vez mais em equipamentos e softwares para acelerar o envio de informa\u00e7\u00f5es aos seus clientes,\u00a0<strong>facilitando a tomada de decis\u00f5es<\/strong>, independentemente de onde estes estejam localizados.<\/p>\n<\/div><\/section><\/div>\n\n<\/div><\/div><\/div><!-- close content main div --><\/div><\/div><div id='av_section_3'  class='avia-section av-l1p57h6d-0560fa84641da452b660326645d1ca15 main_color avia-section-default avia-no-border-styling  avia-builder-el-7  el_after_av_section  el_before_av_section  av-desktop-hide avia-bg-style-scroll container_wrap fullsize'  ><div class='container av-section-cont-open' ><div class='template-page content  av-content-full alpha units'><div class='post-entry post-entry-type-page post-entry-21'><div class='entry-content-wrapper clearfix'>\n<div class='flex_column av-1187t-059b97debb9650f25786e2d2e064355d av_one_full  avia-builder-el-8  avia-builder-el-no-sibling  first flex_column_div '   ><style type=\"text\/css\" data-created_by=\"avia_inline_auto\" id=\"style-css-av-l1p57sc3-34ff023b53c61bc9e11e962cb35d3137\">\n#top .av_textblock_section.av-l1p57sc3-34ff023b53c61bc9e11e962cb35d3137 .avia_textblock{\ncolor:#000000;\ntext-align:left;\n}\n<\/style>\n<section  class='av_textblock_section av-l1p57sc3-34ff023b53c61bc9e11e962cb35d3137'  itemscope=\"itemscope\" itemtype=\"https:\/\/schema.org\/CreativeWork\" ><div class='avia_textblock av_inherit_color'  itemprop=\"text\" ><p>O escrit\u00f3rio\u00a0<strong>Silveira &#038; Casado Advogados Associados<\/strong>\u00a0encontra-se registrado na OAB\/RS sob o n\u00ba 3.677. Fundado em 2009, a hist\u00f3ria do escrit\u00f3rio de advocacia Silveira &#038; Casado, localizado em bairro nobre de Porto Alegre, carrega consigo uma marca de\u00a0<strong>credibilidade e responsabilidade<\/strong>\u00a0para com seus clientes, norteando sua atua\u00e7\u00e3o pelo\u00a0<strong>estudo da ci\u00eancia jur\u00eddica<\/strong>\u00a0e o apego \u00e0\u00a0<strong>\u00e9tica<\/strong>, \u00e0\u00a0<strong>seriedade<\/strong>, \u00e0 efic\u00e1cia e \u00e0\u00a0<strong>honestidade<\/strong>\u00a0no exerc\u00edcio da profiss\u00e3o.<\/p>\n<p>Seus s\u00f3cios fundadores\u00a0<strong>Diego Torres Silveira<\/strong>\u00a0e\u00a0<strong>Leandro Pitrez Casado<\/strong>, al\u00e9m de descenderem de fam\u00edlias com tradi\u00e7\u00e3o na \u00e1rea Jur\u00eddica, pertencentes \u00e0s cortes jurisdicionais, inclusive Supremo Tribunal Federal em forma\u00e7\u00e3o de um passado n\u00e3o t\u00e3o recente, bem como os demais integrantes da equipe, possuem\u00a0<strong>ampla experi\u00eancia profissional<\/strong> nas \u00e1reas c\u00edvel, trabalhista, banc\u00e1ria, previdenci\u00e1ria e de previd\u00eancia complementar.<\/p>\n<p>Ao longo desses anos de atua\u00e7\u00e3o o escrit\u00f3rio desenvolveu trabalhos e projetos jur\u00eddicos na\u00a0<strong>Regi\u00e3o Sul<\/strong>\u00a0do Pa\u00eds e nos Tribunais Superiores, tendo filiais nos Estados de\u00a0<strong>Santa Catarina<\/strong>, em Florian\u00f3polis, <strong>Paran\u00e1,<\/strong>\u00a0em Curitiba, e no Distrito Federal.<\/p>\n<p>Os profissionais que atuam na sociedade s\u00e3o\u00a0<strong>altamente capacitados<\/strong>, especialistas em diversos ramos do direito, com\u00a0<strong>comprovada experi\u00eancia<\/strong>\u00a0em demandas que envolvem institui\u00e7\u00f5es financeiras e funda\u00e7\u00f5es de previd\u00eancia privada.<\/p>\n<p>Todos os integrantes da sociedade\u00a0<strong>dominam plenamente<\/strong>\u00a0a operacionaliza\u00e7\u00e3o dos sistemas de controle processual atinentes a seus clientes, bem como do sistema Legal One, adquirido e utilizado pelo escrit\u00f3rio na ger\u00eancia de sua carteira de processos.<\/p>\n<p>As empresas constantes da carteira de clientes desenvolvem as mais variadas atividades dentro do mercado de trabalho, consequentemente,\u00a0<strong>ampliando a atua\u00e7\u00e3o da sociedade<\/strong>.<\/p>\n<p>A Silveira &#038; Casado investiu e continua investindo cada vez mais em equipamentos e softwares para acelerar o envio de informa\u00e7\u00f5es aos seus clientes,\u00a0<strong>facilitando a tomada de decis\u00f5es<\/strong>, independentemente de onde estes estejam localizados.<\/p>\n<\/div><\/section><\/div>\n\n<\/div><\/div><\/div><!-- close content main div --><\/div><\/div><div id='av_section_4'  class='avia-section av-45no5-73b51d65efc5e3b630f29c4ec01e6357 main_color avia-section-default avia-no-border-styling  avia-builder-el-10  el_after_av_section  el_before_av_section  avia-bg-style-scroll container_wrap fullsize'  ><div class='container av-section-cont-open' ><div class='template-page content  av-content-full alpha units'><div class='post-entry post-entry-type-page post-entry-21'><div class='entry-content-wrapper clearfix'>\n<div class='flex_column av-368z9-25b37ea961fa74a74d4a3e7c0c8ef03d av_one_fourth  avia-builder-el-11  el_before_av_one_fourth  avia-builder-el-first  first flex_column_div '   ><p>\n<style type=\"text\/css\" data-created_by=\"avia_inline_auto\" id=\"style-css-av-l15gihkn-5e07357d23f1cc05233daadc09966030\">\n#top .av-special-heading.av-l15gihkn-5e07357d23f1cc05233daadc09966030{\npadding-bottom:10px;\n}\nbody .av-special-heading.av-l15gihkn-5e07357d23f1cc05233daadc09966030 .av-special-heading-tag .heading-char{\nfont-size:25px;\n}\n.av-special-heading.av-l15gihkn-5e07357d23f1cc05233daadc09966030 .av-subheading{\nfont-size:15px;\n}\n<\/style>\n<div  class='av-special-heading av-l15gihkn-5e07357d23f1cc05233daadc09966030 av-special-heading-h3 blockquote modern-quote modern-centered  avia-builder-el-12  el_before_av_image  avia-builder-el-first '><h3 class='av-special-heading-tag'  itemprop=\"headline\"  >MATRIZ<br \/> PORTO ALEGRE<\/h3><div class=\"special-heading-border\"><div class=\"special-heading-inner-border\"><\/div><\/div><\/div><br \/>\n\n<style type=\"text\/css\" data-created_by=\"avia_inline_auto\" id=\"style-css-av-l15grnyj-889efe1fd3d27ca88ff911f9c8346c5c\">\n.avia-image-container.av-l15grnyj-889efe1fd3d27ca88ff911f9c8346c5c .av-image-caption-overlay-center{\ncolor:#ffffff;\n}\n<\/style>\n<div  class='avia-image-container av-l15grnyj-889efe1fd3d27ca88ff911f9c8346c5c av-styling- avia-align-center  avia-builder-el-13  el_after_av_heading  el_before_av_textblock '  itemprop=\"image\" itemscope=\"itemscope\" itemtype=\"https:\/\/schema.org\/ImageObject\" ><div class=\"avia-image-container-inner\"><div class=\"avia-image-overlay-wrap\"><a href=\"http:\/\/silveiraecasado.com.br\/wp-content\/uploads\/2022\/03\/A9R1hsnexi_q7mk06_ayg-1030x852.jpg\" data-srcset=\"http:\/\/silveiraecasado.com.br\/wp-content\/uploads\/2022\/03\/A9R1hsnexi_q7mk06_ayg-1030x852.jpg 1030w, http:\/\/silveiraecasado.com.br\/wp-content\/uploads\/2022\/03\/A9R1hsnexi_q7mk06_ayg-300x248.jpg 300w, http:\/\/silveiraecasado.com.br\/wp-content\/uploads\/2022\/03\/A9R1hsnexi_q7mk06_ayg-768x635.jpg 768w, http:\/\/silveiraecasado.com.br\/wp-content\/uploads\/2022\/03\/A9R1hsnexi_q7mk06_ayg-705x583.jpg 705w, http:\/\/silveiraecasado.com.br\/wp-content\/uploads\/2022\/03\/A9R1hsnexi_q7mk06_ayg.jpg 1219w\" data-sizes=\"(max-width: 1030px) 100vw, 1030px\" class='avia_image' ><img decoding=\"async\" class='wp-image- avia-img-lazy-loading-not- avia_image' src=\"http:\/\/silveiraecasado.com.br\/wp-content\/uploads\/2022\/03\/A9R1hsnexi_q7mk06_ayg-495x400.jpg\" alt='' title=''   itemprop=\"thumbnailUrl\"  \/><\/a><\/div><\/div><\/div><br \/>\n<section  class='av_textblock_section av-l15gkm9j-297f13592a6e3bef3dc6156b0a8ca8a7'  itemscope=\"itemscope\" itemtype=\"https:\/\/schema.org\/CreativeWork\" ><div class='avia_textblock'  itemprop=\"text\" ><p style=\"text-align: center;\">Rua Doutor Aur\u00e9lio Py, 172, Bairro Medianeira<br \/>\nPorto Alegre\/RS<\/p>\n<\/div><\/section><br \/>\n<article  class='iconbox iconbox_left av-l1uplw00-a1b244aea8f266315933616aa10fa7ef  avia-builder-el-15  el_after_av_textblock  avia-builder-el-last '  itemscope=\"itemscope\" itemtype=\"https:\/\/schema.org\/CreativeWork\" ><div class=\"iconbox_content\"><header class=\"entry-content-header\"><div class=\"iconbox_icon heading-color\" aria-hidden='true' data-av_icon='\ue854' data-av_iconfont='entypo-fontello'><\/div><h3 class='iconbox_content_title '  itemprop=\"headline\" ><center>(51)3019.9935 \/<br \/>(51) 3013.9006<\/h3><\/header><div class='iconbox_content_container '  itemprop=\"text\" ><\/div><\/div><footer class=\"entry-footer\"><\/footer><\/article><\/p><\/div><div class='flex_column av-2kz31-2debc9a18cb330ab5495ba19d443158c av_one_fourth  avia-builder-el-16  el_after_av_one_fourth  el_before_av_one_fourth  flex_column_div '   ><p>\n<style type=\"text\/css\" data-created_by=\"avia_inline_auto\" id=\"style-css-av-l15gt8oo-d80e5caa1cc329525831de2581577b5a\">\n#top .av-special-heading.av-l15gt8oo-d80e5caa1cc329525831de2581577b5a{\npadding-bottom:10px;\n}\nbody .av-special-heading.av-l15gt8oo-d80e5caa1cc329525831de2581577b5a .av-special-heading-tag .heading-char{\nfont-size:25px;\n}\n.av-special-heading.av-l15gt8oo-d80e5caa1cc329525831de2581577b5a .av-subheading{\nfont-size:15px;\n}\n<\/style>\n<div  class='av-special-heading av-l15gt8oo-d80e5caa1cc329525831de2581577b5a av-special-heading-h3 blockquote modern-quote modern-centered  avia-builder-el-17  el_before_av_image  avia-builder-el-first '><h3 class='av-special-heading-tag'  itemprop=\"headline\"  >UNIDADE<br \/>FLORIAN\u00d3POLIS<\/h3><div class=\"special-heading-border\"><div class=\"special-heading-inner-border\"><\/div><\/div><\/div><br \/>\n\n<style type=\"text\/css\" data-created_by=\"avia_inline_auto\" id=\"style-css-av-l15guydq-068368e79e9af6f9f4bd2c9a3956429d\">\n.avia-image-container.av-l15guydq-068368e79e9af6f9f4bd2c9a3956429d .av-image-caption-overlay-center{\ncolor:#ffffff;\n}\n<\/style>\n<div  class='avia-image-container av-l15guydq-068368e79e9af6f9f4bd2c9a3956429d av-styling- avia-align-center  avia-builder-el-18  el_after_av_heading  el_before_av_textblock '  itemprop=\"image\" itemscope=\"itemscope\" itemtype=\"https:\/\/schema.org\/ImageObject\" ><div class=\"avia-image-container-inner\"><div class=\"avia-image-overlay-wrap\"><a href=\"http:\/\/silveiraecasado.com.br\/wp-content\/uploads\/2022\/03\/gdfghdfhdfhdf-1030x852.jpg\" data-srcset=\"http:\/\/silveiraecasado.com.br\/wp-content\/uploads\/2022\/03\/gdfghdfhdfhdf-1030x852.jpg 1030w, http:\/\/silveiraecasado.com.br\/wp-content\/uploads\/2022\/03\/gdfghdfhdfhdf-300x248.jpg 300w, http:\/\/silveiraecasado.com.br\/wp-content\/uploads\/2022\/03\/gdfghdfhdfhdf-768x635.jpg 768w, http:\/\/silveiraecasado.com.br\/wp-content\/uploads\/2022\/03\/gdfghdfhdfhdf-705x583.jpg 705w, http:\/\/silveiraecasado.com.br\/wp-content\/uploads\/2022\/03\/gdfghdfhdfhdf.jpg 1219w\" data-sizes=\"(max-width: 1030px) 100vw, 1030px\" class='avia_image' ><img decoding=\"async\" class='wp-image- avia-img-lazy-loading-not- avia_image' src=\"http:\/\/silveiraecasado.com.br\/wp-content\/uploads\/2022\/03\/gdfghdfhdfhdf-495x400.jpg\" alt='' title=''   itemprop=\"thumbnailUrl\"  \/><\/a><\/div><\/div><\/div><br \/>\n<section  class='av_textblock_section av-l15gw7h3-fbfa1c135200208157283dda003f6fef'  itemscope=\"itemscope\" itemtype=\"https:\/\/schema.org\/CreativeWork\" ><div class='avia_textblock'  itemprop=\"text\" ><p style=\"text-align: center;\">Rua Felipe Schmidt, 706, sala 04, Ed. Drummond Andrade, Bairro Centro Florian\u00f3polis\/SC<\/p>\n<\/div><\/section><br \/>\n<article  class='iconbox iconbox_left av-l1upmhkq-2dd066804a4b53040af7369198a559fa  avia-builder-el-20  el_after_av_textblock  avia-builder-el-last '  itemscope=\"itemscope\" itemtype=\"https:\/\/schema.org\/CreativeWork\" ><div class=\"iconbox_content\"><header class=\"entry-content-header\"><div class=\"iconbox_icon heading-color\" aria-hidden='true' data-av_icon='\ue854' data-av_iconfont='entypo-fontello'><\/div><h3 class='iconbox_content_title '  itemprop=\"headline\" >(48) 3879.0046<\/h3><\/header><div class='iconbox_content_container '  itemprop=\"text\" ><\/div><\/div><footer class=\"entry-footer\"><\/footer><\/article><\/p><\/div><div class='flex_column av-1gkzt-0916e504932c02823fa8ac2fe6ba94f7 av_one_fourth  avia-builder-el-21  el_after_av_one_fourth  el_before_av_one_fourth  flex_column_div '   ><p>\n<style type=\"text\/css\" data-created_by=\"avia_inline_auto\" id=\"style-css-av-l15h72sq-b452008d6581481d048dddc7fde571d6\">\n#top .av-special-heading.av-l15h72sq-b452008d6581481d048dddc7fde571d6{\npadding-bottom:10px;\n}\nbody .av-special-heading.av-l15h72sq-b452008d6581481d048dddc7fde571d6 .av-special-heading-tag .heading-char{\nfont-size:25px;\n}\n.av-special-heading.av-l15h72sq-b452008d6581481d048dddc7fde571d6 .av-subheading{\nfont-size:15px;\n}\n<\/style>\n<div  class='av-special-heading av-l15h72sq-b452008d6581481d048dddc7fde571d6 av-special-heading-h3 blockquote modern-quote modern-centered  avia-builder-el-22  el_before_av_image  avia-builder-el-first '><h3 class='av-special-heading-tag'  itemprop=\"headline\"  >UNIDADE<br \/>CURITIBA<\/h3><div class=\"special-heading-border\"><div class=\"special-heading-inner-border\"><\/div><\/div><\/div><br \/>\n\n<style type=\"text\/css\" data-created_by=\"avia_inline_auto\" id=\"style-css-av-140g5-4861667867a76d451013c646186e9fda\">\n.avia-image-container.av-140g5-4861667867a76d451013c646186e9fda .av-image-caption-overlay-center{\ncolor:#ffffff;\n}\n<\/style>\n<div  class='avia-image-container av-140g5-4861667867a76d451013c646186e9fda av-styling- avia-align-center  avia-builder-el-23  el_after_av_heading  el_before_av_textblock '  itemprop=\"image\" itemscope=\"itemscope\" itemtype=\"https:\/\/schema.org\/ImageObject\" ><div class=\"avia-image-container-inner\"><div class=\"avia-image-overlay-wrap\"><a href=\"http:\/\/silveiraecasado.com.br\/wp-content\/uploads\/2022\/03\/fsdgdfghd-1030x852.jpg\" data-srcset=\"http:\/\/silveiraecasado.com.br\/wp-content\/uploads\/2022\/03\/fsdgdfghd-1030x852.jpg 1030w, http:\/\/silveiraecasado.com.br\/wp-content\/uploads\/2022\/03\/fsdgdfghd-300x248.jpg 300w, http:\/\/silveiraecasado.com.br\/wp-content\/uploads\/2022\/03\/fsdgdfghd-768x635.jpg 768w, http:\/\/silveiraecasado.com.br\/wp-content\/uploads\/2022\/03\/fsdgdfghd-705x583.jpg 705w, http:\/\/silveiraecasado.com.br\/wp-content\/uploads\/2022\/03\/fsdgdfghd.jpg 1219w\" data-sizes=\"(max-width: 1030px) 100vw, 1030px\" class='avia_image' ><img decoding=\"async\" class='wp-image- avia-img-lazy-loading-not- avia_image' src=\"http:\/\/silveiraecasado.com.br\/wp-content\/uploads\/2022\/03\/fsdgdfghd-495x400.jpg\" alt='' title=''   itemprop=\"thumbnailUrl\"  \/><\/a><\/div><\/div><\/div><br \/>\n<section  class='av_textblock_section av-l15h7zyn-c1789049f97e4ba345c8e9649acedadf'  itemscope=\"itemscope\" itemtype=\"https:\/\/schema.org\/CreativeWork\" ><div class='avia_textblock'  itemprop=\"text\" ><p style=\"text-align: center;\">Avenida C\u00e2ndido de Abreu. 660, sala 103, Bairro Centro C\u00edvico<br \/>\nCuritiba\/PR<\/p>\n<\/div><\/section><br \/>\n<article  class='iconbox iconbox_left av-l1upmv64-dd448892790869ba263cec891ab7d60d  avia-builder-el-25  el_after_av_textblock  avia-builder-el-last '  itemscope=\"itemscope\" itemtype=\"https:\/\/schema.org\/CreativeWork\" ><div class=\"iconbox_content\"><header class=\"entry-content-header\"><div class=\"iconbox_icon heading-color\" aria-hidden='true' data-av_icon='\ue854' data-av_iconfont='entypo-fontello'><\/div><h3 class='iconbox_content_title '  itemprop=\"headline\" >(41) 3797.8433<\/h3><\/header><div class='iconbox_content_container '  itemprop=\"text\" ><\/div><\/div><footer class=\"entry-footer\"><\/footer><\/article><\/p><\/div><div class='flex_column av-1bbn5-ff677d5f4c43cc4f502ef5d704f05ed3 av_one_fourth  avia-builder-el-26  el_after_av_one_fourth  avia-builder-el-last  flex_column_div '   ><p>\n<style type=\"text\/css\" data-created_by=\"avia_inline_auto\" id=\"style-css-av-w3kl-2613daf07e075ff3c70db130e73aa32c\">\n#top .av-special-heading.av-w3kl-2613daf07e075ff3c70db130e73aa32c{\npadding-bottom:10px;\n}\nbody .av-special-heading.av-w3kl-2613daf07e075ff3c70db130e73aa32c .av-special-heading-tag .heading-char{\nfont-size:25px;\n}\n.av-special-heading.av-w3kl-2613daf07e075ff3c70db130e73aa32c .av-subheading{\nfont-size:15px;\n}\n<\/style>\n<div  class='av-special-heading av-w3kl-2613daf07e075ff3c70db130e73aa32c av-special-heading-h3 blockquote modern-quote modern-centered  avia-builder-el-27  el_before_av_image  avia-builder-el-first '><h3 class='av-special-heading-tag'  itemprop=\"headline\"  >UNIDADE<br \/>BRAS\u00cdLIA<\/h3><div class=\"special-heading-border\"><div class=\"special-heading-inner-border\"><\/div><\/div><\/div><br \/>\n\n<style type=\"text\/css\" data-created_by=\"avia_inline_auto\" id=\"style-css-av-l15h1sxw-d2450053ee65aab4a9eea45105acbed1\">\n.avia-image-container.av-l15h1sxw-d2450053ee65aab4a9eea45105acbed1 .av-image-caption-overlay-center{\ncolor:#ffffff;\n}\n<\/style>\n<div  class='avia-image-container av-l15h1sxw-d2450053ee65aab4a9eea45105acbed1 av-styling- avia-align-center  avia-builder-el-28  el_after_av_heading  el_before_av_textblock '  itemprop=\"image\" itemscope=\"itemscope\" itemtype=\"https:\/\/schema.org\/ImageObject\" ><div class=\"avia-image-container-inner\"><div class=\"avia-image-overlay-wrap\"><a href=\"http:\/\/silveiraecasado.com.br\/wp-content\/uploads\/2022\/03\/LKJLKLJLJ-1030x852.jpg\" data-srcset=\"http:\/\/silveiraecasado.com.br\/wp-content\/uploads\/2022\/03\/LKJLKLJLJ-1030x852.jpg 1030w, http:\/\/silveiraecasado.com.br\/wp-content\/uploads\/2022\/03\/LKJLKLJLJ-300x248.jpg 300w, http:\/\/silveiraecasado.com.br\/wp-content\/uploads\/2022\/03\/LKJLKLJLJ-768x635.jpg 768w, http:\/\/silveiraecasado.com.br\/wp-content\/uploads\/2022\/03\/LKJLKLJLJ-705x583.jpg 705w, http:\/\/silveiraecasado.com.br\/wp-content\/uploads\/2022\/03\/LKJLKLJLJ.jpg 1219w\" data-sizes=\"(max-width: 1030px) 100vw, 1030px\" class='avia_image' ><img decoding=\"async\" class='wp-image- avia-img-lazy-loading-not- avia_image' src=\"http:\/\/silveiraecasado.com.br\/wp-content\/uploads\/2022\/03\/LKJLKLJLJ-495x400.jpg\" alt='' title=''   itemprop=\"thumbnailUrl\"  \/><\/a><\/div><\/div><\/div><br \/>\n<section  class='av_textblock_section av-l15h0hpf-b8c408664cea98f555a1fffe53aef1d1'  itemscope=\"itemscope\" itemtype=\"https:\/\/schema.org\/CreativeWork\" ><div class='avia_textblock'  itemprop=\"text\" ><p style=\"text-align: center;\">SHN, Q. 2, BL. F, Ed. Executive Office Tower, sala 803 &#8211; Asa Norte<br \/>\nBras\u00edlia\/DF<\/p>\n<\/div><\/section><br \/>\n<article  class='iconbox iconbox_left av-l1upn9qd-7d09cd2cb542893bb25ae85f175b1de9  avia-builder-el-30  el_after_av_textblock  avia-builder-el-last '  itemscope=\"itemscope\" itemtype=\"https:\/\/schema.org\/CreativeWork\" ><div class=\"iconbox_content\"><header class=\"entry-content-header\"><div class=\"iconbox_icon heading-color\" aria-hidden='true' data-av_icon='\ue854' data-av_iconfont='entypo-fontello'><\/div><h3 class='iconbox_content_title '  itemprop=\"headline\" >(61) 3181.0924<\/h3><\/header><div class='iconbox_content_container '  itemprop=\"text\" ><\/div><\/div><footer class=\"entry-footer\"><\/footer><\/article><\/p><\/div>\n","protected":false},"excerpt":{"rendered":"","protected":false},"author":2,"featured_media":0,"parent":0,"menu_order":0,"comment_status":"closed","ping_status":"closed","template":"","meta":{"footnotes":""},"class_list":["post-21","page","type-page","status-publish","hentry"],"_links":{"self":[{"href":"http:\/\/silveiraecasado.com.br\/index.php?rest_route=\/wp\/v2\/pages\/21","targetHints":{"allow":["GET"]}}],"collection":[{"href":"http:\/\/silveiraecasado.com.br\/index.php?rest_route=\/wp\/v2\/pages"}],"about":[{"href":"http:\/\/silveiraecasado.com.br\/index.php?rest_route=\/wp\/v2\/types\/page"}],"author":[{"embeddable":true,"href":"http:\/\/silveiraecasado.com.br\/index.php?rest_route=\/wp\/v2\/users\/2"}],"replies":[{"embeddable":true,"href":"http:\/\/silveiraecasado.com.br\/index.php?rest_route=%2Fwp%2Fv2%2Fcomments&post=21"}],"version-history":[{"count":23,"href":"http:\/\/silveiraecasado.com.br\/index.php?rest_route=\/wp\/v2\/pages\/21\/revisions"}],"predecessor-version":[{"id":356,"href":"http:\/\/silveiraecasado.com.br\/index.php?rest_route=\/wp\/v2\/pages\/21\/revisions\/356"}],"wp:attachment":[{"href":"http:\/\/silveiraecasado.com.br\/index.php?rest_route=%2Fwp%2Fv2%2Fmedia&parent=21"}],"curies":[{"name":"wp","href":"https:\/\/api.w.org\/{rel}","templated":true}]}}