{"id":187,"date":"2022-03-25T12:51:45","date_gmt":"2022-03-25T12:51:45","guid":{"rendered":"http:\/\/silveiraecasado.com.br\/?page_id=187"},"modified":"2022-04-28T20:59:14","modified_gmt":"2022-04-28T20:59:14","slug":"valores-visao-e-missao","status":"publish","type":"page","link":"http:\/\/silveiraecasado.com.br\/?page_id=187","title":{"rendered":"Valores, Vis\u00e3o e Miss\u00e3o"},"content":{"rendered":"<div id='av_section_1'  class='avia-section av-rtobv-9137c99aff281f7f917bcdecd2ad671a main_color avia-section-default avia-no-border-styling  avia-builder-el-0  el_before_av_section  avia-builder-el-first  av-medium-hide av-small-hide av-mini-hide avia-bg-style-parallax av-minimum-height av-minimum-height-50  container_wrap fullsize'   data-av_minimum_height_pc='50'><div class='container av-section-cont-open' ><main  role=\"main\" itemprop=\"mainContentOfPage\"  class='template-page content  av-content-full alpha units'><div class='post-entry post-entry-type-page post-entry-187'><div class='entry-content-wrapper clearfix'>\n<div class='flex_column av-iyc6r-27b632e7c506e1b2643806cccc9454ea av_one_third  avia-builder-el-1  el_before_av_one_third  avia-builder-el-first  first flex_column_div '   ><p>\n<style type=\"text\/css\" data-created_by=\"avia_inline_auto\" id=\"style-css-av-l16f6rbz-487b73a71edef94f494fb09f7fc95a4a\">\n#top .av-special-heading.av-l16f6rbz-487b73a71edef94f494fb09f7fc95a4a{\npadding-bottom:10px;\ncolor:#ffffff;\n}\nbody .av-special-heading.av-l16f6rbz-487b73a71edef94f494fb09f7fc95a4a .av-special-heading-tag .heading-char{\nfont-size:25px;\n}\n.av-special-heading.av-l16f6rbz-487b73a71edef94f494fb09f7fc95a4a .special-heading-inner-border{\nborder-color:#ffffff;\n}\n.av-special-heading.av-l16f6rbz-487b73a71edef94f494fb09f7fc95a4a .av-subheading{\nfont-size:15px;\n}\n<\/style>\n<div  class='av-special-heading av-l16f6rbz-487b73a71edef94f494fb09f7fc95a4a av-special-heading-h2 custom-color-heading blockquote modern-quote  avia-builder-el-2  el_before_av_textblock  avia-builder-el-first '><h2 class='av-special-heading-tag'  itemprop=\"headline\"  >VIS\u00c3O<\/h2><div class=\"special-heading-border\"><div class=\"special-heading-inner-border\"><\/div><\/div><\/div><br \/>\n\n<style type=\"text\/css\" data-created_by=\"avia_inline_auto\" id=\"style-css-av-l16f17o5-83e209e95fdcc9c78ac44da8192bf244\">\n#top .av_textblock_section.av-l16f17o5-83e209e95fdcc9c78ac44da8192bf244 .avia_textblock{\ncolor:#ffffff;\ntext-align:justify;\n}\n<\/style>\n<section  class='av_textblock_section av-l16f17o5-83e209e95fdcc9c78ac44da8192bf244'  itemscope=\"itemscope\" itemtype=\"https:\/\/schema.org\/CreativeWork\" ><div class='avia_textblock av_inherit_color'  itemprop=\"text\" ><p>Atrav\u00e9s de um trabalho baseado na \u00e9tica profissional, na responsabilidade e efic\u00e1cia, busca ser refer\u00eancia no mercado jur\u00eddico.<\/p>\n<\/div><\/section><\/p><\/div><div class='flex_column av-q57mr-ca30e3d6b5a09e69c389962045ead36b av_one_third  avia-builder-el-4  el_after_av_one_third  el_before_av_one_third  flex_column_div '   ><p>\n<style type=\"text\/css\" data-created_by=\"avia_inline_auto\" id=\"style-css-av-l16guo9o-1a3ee588af478dd928ab1d25cf293826\">\n#top .av-special-heading.av-l16guo9o-1a3ee588af478dd928ab1d25cf293826{\npadding-bottom:10px;\ncolor:#ffffff;\n}\nbody .av-special-heading.av-l16guo9o-1a3ee588af478dd928ab1d25cf293826 .av-special-heading-tag .heading-char{\nfont-size:25px;\n}\n.av-special-heading.av-l16guo9o-1a3ee588af478dd928ab1d25cf293826 .special-heading-inner-border{\nborder-color:#ffffff;\n}\n.av-special-heading.av-l16guo9o-1a3ee588af478dd928ab1d25cf293826 .av-subheading{\nfont-size:15px;\n}\n<\/style>\n<div  class='av-special-heading av-l16guo9o-1a3ee588af478dd928ab1d25cf293826 av-special-heading-h2 custom-color-heading blockquote modern-quote  avia-builder-el-5  el_before_av_textblock  avia-builder-el-first '><h2 class='av-special-heading-tag'  itemprop=\"headline\"  >MISS\u00c3O<\/h2><div class=\"special-heading-border\"><div class=\"special-heading-inner-border\"><\/div><\/div><\/div><br \/>\n\n<style type=\"text\/css\" data-created_by=\"avia_inline_auto\" id=\"style-css-av-l16guruf-077e2c79eaf7ea06e8522e0e29a5f929\">\n#top .av_textblock_section.av-l16guruf-077e2c79eaf7ea06e8522e0e29a5f929 .avia_textblock{\ncolor:#ffffff;\ntext-align:justify;\n}\n<\/style>\n<section  class='av_textblock_section av-l16guruf-077e2c79eaf7ea06e8522e0e29a5f929'  itemscope=\"itemscope\" itemtype=\"https:\/\/schema.org\/CreativeWork\" ><div class='avia_textblock av_inherit_color'  itemprop=\"text\" ><p style=\"text-align: left;\">Proporcionar seguran\u00e7a jur\u00eddica, buscando alternativas econ\u00f4micas, minimizando lit\u00edgios, prestando servi\u00e7os jur\u00eddicos com \u00e9tica e responsabilidade, focados nos melhores resultados para seus clientes.<\/p>\n<\/div><\/section><\/p><\/div><div class='flex_column av-ne61n-4e206b063ab8ed6e8651b980e052de38 av_one_third  avia-builder-el-7  el_after_av_one_third  avia-builder-el-last  flex_column_div '   ><p>\n<style type=\"text\/css\" data-created_by=\"avia_inline_auto\" id=\"style-css-av-gb9cj-74223dae481969e7d826971e9a552160\">\n#top .av-special-heading.av-gb9cj-74223dae481969e7d826971e9a552160{\npadding-bottom:10px;\ncolor:#000000;\n}\nbody .av-special-heading.av-gb9cj-74223dae481969e7d826971e9a552160 .av-special-heading-tag .heading-char{\nfont-size:25px;\n}\n.av-special-heading.av-gb9cj-74223dae481969e7d826971e9a552160 .special-heading-inner-border{\nborder-color:#000000;\n}\n.av-special-heading.av-gb9cj-74223dae481969e7d826971e9a552160 .av-subheading{\nfont-size:15px;\n}\n<\/style>\n<div  class='av-special-heading av-gb9cj-74223dae481969e7d826971e9a552160 av-special-heading-h2 custom-color-heading blockquote modern-quote  avia-builder-el-8  el_before_av_textblock  avia-builder-el-first '><h2 class='av-special-heading-tag'  itemprop=\"headline\"  >VALORES<\/h2><div class=\"special-heading-border\"><div class=\"special-heading-inner-border\"><\/div><\/div><\/div><br \/>\n\n<style type=\"text\/css\" data-created_by=\"avia_inline_auto\" id=\"style-css-av-8o50z-e5282488f13cfe3119bb2f25f976ae83\">\n#top .av_textblock_section.av-8o50z-e5282488f13cfe3119bb2f25f976ae83 .avia_textblock{\ncolor:#000000;\n}\n<\/style>\n<section  class='av_textblock_section av-8o50z-e5282488f13cfe3119bb2f25f976ae83'  itemscope=\"itemscope\" itemtype=\"https:\/\/schema.org\/CreativeWork\" ><div class='avia_textblock av_inherit_color'  itemprop=\"text\" ><ul>\n<li>\u00c9tica Profissional;<\/li>\n<li>Responsabilidade Social;<\/li>\n<li>Excel\u00eancia nas \u00e1reas de atua\u00e7\u00e3o;<\/li>\n<li>Solu\u00e7\u00f5es com efic\u00e1cia.<\/li>\n<\/ul>\n<\/div><\/section><\/p><\/div><\/div><\/div><\/main><!-- close content main element --><\/div><\/div><div id='av_section_2'  class='avia-section av-l2jce2d3-32b14b20c9b39976f2954459f076e90c main_color avia-section-default avia-no-border-styling  avia-builder-el-10  el_after_av_section  avia-builder-el-last  av-desktop-hide avia-bg-style-parallax av-minimum-height av-minimum-height-50  container_wrap fullsize'   data-av_minimum_height_pc='50'><div class='container av-section-cont-open' ><div class='template-page content  av-content-full alpha units'><div class='post-entry post-entry-type-page post-entry-187'><div class='entry-content-wrapper clearfix'>\n<div class='flex_column av-4cd03-d746f8e8ed020a8c19f089543b18b116 av_one_third  avia-builder-el-11  el_before_av_one_third  avia-builder-el-first  first flex_column_div '   ><p>\n<style type=\"text\/css\" data-created_by=\"avia_inline_auto\" id=\"style-css-av-13305f-df369cf6c24db03bb4914ceb36ffd5dc\">\n#top .av-special-heading.av-13305f-df369cf6c24db03bb4914ceb36ffd5dc{\npadding-bottom:10px;\ncolor:#ffffff;\n}\nbody .av-special-heading.av-13305f-df369cf6c24db03bb4914ceb36ffd5dc .av-special-heading-tag .heading-char{\nfont-size:25px;\n}\n.av-special-heading.av-13305f-df369cf6c24db03bb4914ceb36ffd5dc .special-heading-inner-border{\nborder-color:#ffffff;\n}\n.av-special-heading.av-13305f-df369cf6c24db03bb4914ceb36ffd5dc .av-subheading{\nfont-size:15px;\n}\n<\/style>\n<div  class='av-special-heading av-13305f-df369cf6c24db03bb4914ceb36ffd5dc av-special-heading-h2 custom-color-heading blockquote modern-quote  avia-builder-el-12  el_before_av_textblock  avia-builder-el-first '><h2 class='av-special-heading-tag'  itemprop=\"headline\"  >VIS\u00c3O<\/h2><div class=\"special-heading-border\"><div class=\"special-heading-inner-border\"><\/div><\/div><\/div><br \/>\n\n<style type=\"text\/css\" data-created_by=\"avia_inline_auto\" id=\"style-css-av-xgbur-601662ba4c29ce3c0aedc4305f1a95e1\">\n#top .av_textblock_section.av-xgbur-601662ba4c29ce3c0aedc4305f1a95e1 .avia_textblock{\nfont-size:13px;\ncolor:#ffffff;\ntext-align:justify;\n}\n<\/style>\n<section  class='av_textblock_section av-xgbur-601662ba4c29ce3c0aedc4305f1a95e1'  itemscope=\"itemscope\" itemtype=\"https:\/\/schema.org\/CreativeWork\" ><div class='avia_textblock av_inherit_color'  itemprop=\"text\" ><p>Atrav\u00e9s de um trabalho baseado na \u00e9tica profissional, na responsabilidade e efic\u00e1cia, busca ser refer\u00eancia no mercado jur\u00eddico.<\/p>\n<\/div><\/section><\/p><\/div><div class='flex_column av-pb85n-7fe24a4c78fbeb5af922e792aaecddf5 av_one_third  avia-builder-el-14  el_after_av_one_third  el_before_av_one_third  flex_column_div '   ><p>\n<style type=\"text\/css\" data-created_by=\"avia_inline_auto\" id=\"style-css-av-ljko3-9557251551f4bed5ab41c9a00dd6f326\">\n#top .av-special-heading.av-ljko3-9557251551f4bed5ab41c9a00dd6f326{\npadding-bottom:10px;\ncolor:#ffffff;\n}\nbody .av-special-heading.av-ljko3-9557251551f4bed5ab41c9a00dd6f326 .av-special-heading-tag .heading-char{\nfont-size:25px;\n}\n.av-special-heading.av-ljko3-9557251551f4bed5ab41c9a00dd6f326 .special-heading-inner-border{\nborder-color:#ffffff;\n}\n.av-special-heading.av-ljko3-9557251551f4bed5ab41c9a00dd6f326 .av-subheading{\nfont-size:15px;\n}\n<\/style>\n<div  class='av-special-heading av-ljko3-9557251551f4bed5ab41c9a00dd6f326 av-special-heading-h2 custom-color-heading blockquote modern-quote  avia-builder-el-15  el_before_av_textblock  avia-builder-el-first '><h2 class='av-special-heading-tag'  itemprop=\"headline\"  >MISS\u00c3O<\/h2><div class=\"special-heading-border\"><div class=\"special-heading-inner-border\"><\/div><\/div><\/div><br \/>\n\n<style type=\"text\/css\" data-created_by=\"avia_inline_auto\" id=\"style-css-av-cv1wb-acf16330f5cca1c7cf8628b8e0ad29c0\">\n#top .av_textblock_section.av-cv1wb-acf16330f5cca1c7cf8628b8e0ad29c0 .avia_textblock{\nfont-size:13px;\ncolor:#ffffff;\ntext-align:justify;\n}\n<\/style>\n<section  class='av_textblock_section av-cv1wb-acf16330f5cca1c7cf8628b8e0ad29c0'  itemscope=\"itemscope\" itemtype=\"https:\/\/schema.org\/CreativeWork\" ><div class='avia_textblock av_inherit_color'  itemprop=\"text\" ><p style=\"text-align: justify;\">Proporcionar seguran\u00e7a jur\u00eddica, buscando alternativas econ\u00f4micas, minimizando lit\u00edgios, prestando servi\u00e7os jur\u00eddicos com \u00e9tica e responsabilidade, focados nos melhores resultados para seus clientes.<\/p>\n<\/div><\/section><\/p><\/div><div class='flex_column av-skoz-5e8db9915fa79bce7f723608718d51aa av_one_third  avia-builder-el-17  el_after_av_one_third  avia-builder-el-last  flex_column_div '   ><p>\n<style type=\"text\/css\" data-created_by=\"avia_inline_auto\" id=\"style-css-av-l2jceoc6-d174da6d9b50bce50b0284b6123a1d6a\">\n#top .av-special-heading.av-l2jceoc6-d174da6d9b50bce50b0284b6123a1d6a{\npadding-bottom:10px;\ncolor:#ffffff;\n}\nbody .av-special-heading.av-l2jceoc6-d174da6d9b50bce50b0284b6123a1d6a .av-special-heading-tag .heading-char{\nfont-size:25px;\n}\n.av-special-heading.av-l2jceoc6-d174da6d9b50bce50b0284b6123a1d6a .special-heading-inner-border{\nborder-color:#ffffff;\n}\n.av-special-heading.av-l2jceoc6-d174da6d9b50bce50b0284b6123a1d6a .av-subheading{\nfont-size:15px;\n}\n<\/style>\n<div  class='av-special-heading av-l2jceoc6-d174da6d9b50bce50b0284b6123a1d6a av-special-heading-h2 custom-color-heading blockquote modern-quote  avia-builder-el-18  el_before_av_textblock  avia-builder-el-first '><h2 class='av-special-heading-tag'  itemprop=\"headline\"  >VALORES<\/h2><div class=\"special-heading-border\"><div class=\"special-heading-inner-border\"><\/div><\/div><\/div><br \/>\n\n<style type=\"text\/css\" data-created_by=\"avia_inline_auto\" id=\"style-css-av-l2jceumk-3f41d9b078029050d55e6a465478567e\">\n#top .av_textblock_section.av-l2jceumk-3f41d9b078029050d55e6a465478567e .avia_textblock{\nfont-size:13px;\ncolor:#ffffff;\ntext-align:justify;\n}\n<\/style>\n<section  class='av_textblock_section av-l2jceumk-3f41d9b078029050d55e6a465478567e'  itemscope=\"itemscope\" itemtype=\"https:\/\/schema.org\/CreativeWork\" ><div class='avia_textblock av_inherit_color'  itemprop=\"text\" ><ul>\n<li>\u00c9tica Profissional;<\/li>\n<li>Responsabilidade Social;<\/li>\n<li>Excel\u00eancia nas \u00e1reas de atua\u00e7\u00e3o;<\/li>\n<li>Solu\u00e7\u00f5es com efic\u00e1cia.<\/li>\n<\/ul>\n<\/div><\/section><\/p><\/div><\/p>\n","protected":false},"excerpt":{"rendered":"","protected":false},"author":2,"featured_media":0,"parent":0,"menu_order":0,"comment_status":"closed","ping_status":"closed","template":"","meta":{"footnotes":""},"class_list":["post-187","page","type-page","status-publish","hentry"],"_links":{"self":[{"href":"http:\/\/silveiraecasado.com.br\/index.php?rest_route=\/wp\/v2\/pages\/187","targetHints":{"allow":["GET"]}}],"collection":[{"href":"http:\/\/silveiraecasado.com.br\/index.php?rest_route=\/wp\/v2\/pages"}],"about":[{"href":"http:\/\/silveiraecasado.com.br\/index.php?rest_route=\/wp\/v2\/types\/page"}],"author":[{"embeddable":true,"href":"http:\/\/silveiraecasado.com.br\/index.php?rest_route=\/wp\/v2\/users\/2"}],"replies":[{"embeddable":true,"href":"http:\/\/silveiraecasado.com.br\/index.php?rest_route=%2Fwp%2Fv2%2Fcomments&post=187"}],"version-history":[{"count":20,"href":"http:\/\/silveiraecasado.com.br\/index.php?rest_route=\/wp\/v2\/pages\/187\/revisions"}],"predecessor-version":[{"id":408,"href":"http:\/\/silveiraecasado.com.br\/index.php?rest_route=\/wp\/v2\/pages\/187\/revisions\/408"}],"wp:attachment":[{"href":"http:\/\/silveiraecasado.com.br\/index.php?rest_route=%2Fwp%2Fv2%2Fmedia&parent=187"}],"curies":[{"name":"wp","href":"https:\/\/api.w.org\/{rel}","templated":true}]}}