{"id":161,"date":"2022-03-24T19:56:26","date_gmt":"2022-03-24T19:56:26","guid":{"rendered":"http:\/\/silveiraecasado.com.br\/?page_id=161"},"modified":"2022-04-28T15:33:11","modified_gmt":"2022-04-28T15:33:11","slug":"administrativo","status":"publish","type":"page","link":"http:\/\/silveiraecasado.com.br\/?page_id=161","title":{"rendered":"Administrativo"},"content":{"rendered":"<div id='av_section_1'  class='avia-section av-l15fekgs-0e0b37df63837a0ddd3cc52488e2939e main_color avia-section-default avia-no-border-styling  avia-builder-el-0  el_before_av_section  avia-builder-el-first  av-medium-hide av-small-hide av-mini-hide avia-bg-style-parallax av-minimum-height av-minimum-height-50  container_wrap fullsize'   data-av_minimum_height_pc='50'><div class='container av-section-cont-open' ><main  role=\"main\" itemprop=\"mainContentOfPage\"  class='template-page content  av-content-full alpha units'><div class='post-entry post-entry-type-page post-entry-161'><div class='entry-content-wrapper clearfix'>\n\n<style type=\"text\/css\" data-created_by=\"avia_inline_auto\" id=\"style-css-av-l15eq7hx-b3b0b0529bf19ff1c3922f453dd9ea9a\">\n#top .av-special-heading.av-l15eq7hx-b3b0b0529bf19ff1c3922f453dd9ea9a{\npadding-bottom:10px;\ncolor:#ffffff;\n}\nbody .av-special-heading.av-l15eq7hx-b3b0b0529bf19ff1c3922f453dd9ea9a .av-special-heading-tag .heading-char{\nfont-size:25px;\n}\n.av-special-heading.av-l15eq7hx-b3b0b0529bf19ff1c3922f453dd9ea9a .special-heading-inner-border{\nborder-color:#ffffff;\n}\n.av-special-heading.av-l15eq7hx-b3b0b0529bf19ff1c3922f453dd9ea9a .av-subheading{\nfont-size:15px;\n}\n<\/style>\n<div  class='av-special-heading av-l15eq7hx-b3b0b0529bf19ff1c3922f453dd9ea9a av-special-heading-h1 custom-color-heading blockquote modern-quote modern-centered  avia-builder-el-1  avia-builder-el-no-sibling '><h1 class='av-special-heading-tag'  itemprop=\"headline\"  >Administrativo<\/h1><div class=\"special-heading-border\"><div class=\"special-heading-inner-border\"><\/div><\/div><\/div>\n\n<\/div><\/div><\/main><!-- close content main element --><\/div><\/div><div id='av_section_2'  class='avia-section av-l1p5h06f-98426e4fbd5df575244d29e765bbfddc main_color avia-section-default avia-no-border-styling  avia-builder-el-2  el_after_av_section  el_before_av_section  av-desktop-hide avia-bg-style-parallax av-minimum-height av-minimum-height-50  container_wrap fullsize'   data-av_minimum_height_pc='50'><div class='container av-section-cont-open' ><div class='template-page content  av-content-full alpha units'><div class='post-entry post-entry-type-page post-entry-161'><div class='entry-content-wrapper clearfix'>\n\n<style type=\"text\/css\" data-created_by=\"avia_inline_auto\" id=\"style-css-av-l1p5h683-29139f022a66a8cef28050c08949a714\">\n#top .av-special-heading.av-l1p5h683-29139f022a66a8cef28050c08949a714{\npadding-bottom:10px;\ncolor:#ffffff;\n}\nbody .av-special-heading.av-l1p5h683-29139f022a66a8cef28050c08949a714 .av-special-heading-tag .heading-char{\nfont-size:25px;\n}\n.av-special-heading.av-l1p5h683-29139f022a66a8cef28050c08949a714 .special-heading-inner-border{\nborder-color:#ffffff;\n}\n.av-special-heading.av-l1p5h683-29139f022a66a8cef28050c08949a714 .av-subheading{\nfont-size:15px;\n}\n<\/style>\n<div  class='av-special-heading av-l1p5h683-29139f022a66a8cef28050c08949a714 av-special-heading-h2 custom-color-heading blockquote modern-quote modern-centered  avia-builder-el-3  avia-builder-el-no-sibling '><h2 class='av-special-heading-tag'  itemprop=\"headline\"  >Administrativo<\/h2><div class=\"special-heading-border\"><div class=\"special-heading-inner-border\"><\/div><\/div><\/div>\n\n<\/div><\/div><\/div><!-- close content main div --><\/div><\/div><div id='av_section_3'  class='avia-section av-g71bl-9f793220f0c863145d3c8609515b365d main_color avia-section-default avia-no-border-styling  avia-builder-el-4  el_after_av_section  el_before_av_section  av-medium-hide av-small-hide av-mini-hide avia-bg-style-scroll container_wrap fullsize'  ><div class='container av-section-cont-open' ><div class='template-page content  av-content-full alpha units'><div class='post-entry post-entry-type-page post-entry-161'><div class='entry-content-wrapper clearfix'>\n<div class='flex_column av-wbfm1-1ab32c38c19cf87b506858f43c7e7d83 av_one_full  avia-builder-el-5  avia-builder-el-no-sibling  first flex_column_div '   ><p>\n<style type=\"text\/css\" data-created_by=\"avia_inline_auto\" id=\"style-css-av-orrip-1e921ac10faeea3c303c693cc01eb1d5\">\n#top .av-special-heading.av-orrip-1e921ac10faeea3c303c693cc01eb1d5{\npadding-bottom:10px;\n}\nbody .av-special-heading.av-orrip-1e921ac10faeea3c303c693cc01eb1d5 .av-special-heading-tag .heading-char{\nfont-size:25px;\n}\n.av-special-heading.av-orrip-1e921ac10faeea3c303c693cc01eb1d5 .av-subheading{\nfont-size:15px;\n}\n<\/style>\n<div  class='av-special-heading av-orrip-1e921ac10faeea3c303c693cc01eb1d5 av-special-heading-h3 blockquote modern-quote modern-centered  avia-builder-el-6  el_before_av_textblock  avia-builder-el-first '><h3 class='av-special-heading-tag'  itemprop=\"headline\"  >Assessoria legal e de procedimentos<\/h3><div class=\"special-heading-border\"><div class=\"special-heading-inner-border\"><\/div><\/div><\/div><br \/>\n\n<style type=\"text\/css\" data-created_by=\"avia_inline_auto\" id=\"style-css-av-k3tzt-351dab2b58f175f3f3284983c0c810c7\">\n#top .av_textblock_section.av-k3tzt-351dab2b58f175f3f3284983c0c810c7 .avia_textblock{\ntext-align:justify;\n}\n<\/style>\n<section  class='av_textblock_section av-k3tzt-351dab2b58f175f3f3284983c0c810c7'  itemscope=\"itemscope\" itemtype=\"https:\/\/schema.org\/CreativeWork\" ><div class='avia_textblock'  itemprop=\"text\" ><p>Tendo em vista o grande n\u00famero de normas e procedimentos de conduta administrativa, que em muitas vezes dificulta o tramite \u00e1gil de solicita\u00e7\u00f5es ou atos empresariais ou c\u00edveis, o escrit\u00f3rio oferece assessoria atrav\u00e9s dos itens abaixo elencados.<\/p>\n<p>Elabora\u00e7\u00e3o de impugna\u00e7\u00f5es e recursos administrativos, an\u00e1lise de contratos administrativos, pareceres, estudo e defini\u00e7\u00e3o de estrat\u00e9gias de conduta de empresas perante a Administra\u00e7\u00e3o P\u00fablica Direta e Indireta.<\/p>\n<p>Atua\u00e7\u00e3o em processos de licita\u00e7\u00e3o e procedimentos administrativos em processos de estrutura\u00e7\u00e3o de opera\u00e7\u00f5es sujeitos \u00e0 notifica\u00e7\u00e3o ou aprova\u00e7\u00e3o por parte da Administra\u00e7\u00e3o P\u00fablica.<\/p>\n<p>Assessoria na presta\u00e7\u00e3o de servi\u00e7os p\u00fablicos no que diz respeito aos aspectos regulat\u00f3rios, contratuais, societ\u00e1rios, ficais, financeiros e ambientais.<\/p>\n<\/div><\/section><\/p><\/div><\/div><\/div><\/div><!-- close content main div --><\/div><\/div><div id='av_section_4'  class='avia-section av-l1p5gc4y-99c65f1beb0d85c41b6ab6b9f6be745f main_color avia-section-default avia-no-border-styling  avia-builder-el-8  el_after_av_section  avia-builder-el-last  av-desktop-hide avia-bg-style-scroll container_wrap fullsize'  ><div class='container av-section-cont-open' ><div class='template-page content  av-content-full alpha units'><div class='post-entry post-entry-type-page post-entry-161'><div class='entry-content-wrapper clearfix'>\n<div class='flex_column av-gk8mp-08da2236a567c65911e4975fa546e29a av_one_full  avia-builder-el-9  avia-builder-el-no-sibling  first flex_column_div '   ><p>\n<style type=\"text\/css\" data-created_by=\"avia_inline_auto\" id=\"style-css-av-l1p5ggfj-7173b7f3456fcc1e614c6f09b9099d2c\">\n#top .av-special-heading.av-l1p5ggfj-7173b7f3456fcc1e614c6f09b9099d2c{\npadding-bottom:10px;\n}\nbody .av-special-heading.av-l1p5ggfj-7173b7f3456fcc1e614c6f09b9099d2c .av-special-heading-tag .heading-char{\nfont-size:25px;\n}\n.av-special-heading.av-l1p5ggfj-7173b7f3456fcc1e614c6f09b9099d2c .av-subheading{\nfont-size:15px;\n}\n<\/style>\n<div  class='av-special-heading av-l1p5ggfj-7173b7f3456fcc1e614c6f09b9099d2c av-special-heading-h3 blockquote modern-quote  avia-builder-el-10  el_before_av_textblock  avia-builder-el-first '><h3 class='av-special-heading-tag'  itemprop=\"headline\"  >Assessoria legal e de procedimentos<\/h3><div class=\"special-heading-border\"><div class=\"special-heading-inner-border\"><\/div><\/div><\/div><br \/>\n\n<style type=\"text\/css\" data-created_by=\"avia_inline_auto\" id=\"style-css-av-836dl-5add838382e7796220b20a1fc0712f8d\">\n#top .av_textblock_section.av-836dl-5add838382e7796220b20a1fc0712f8d .avia_textblock{\ntext-align:justify;\n}\n<\/style>\n<section  class='av_textblock_section av-836dl-5add838382e7796220b20a1fc0712f8d'  itemscope=\"itemscope\" itemtype=\"https:\/\/schema.org\/CreativeWork\" ><div class='avia_textblock'  itemprop=\"text\" ><p>Tendo em vista o grande n\u00famero de normas e procedimentos de conduta administrativa, que em muitas vezes dificulta o tramite \u00e1gil de solicita\u00e7\u00f5es ou atos empresariais ou c\u00edveis, o escrit\u00f3rio oferece assessoria atrav\u00e9s dos itens abaixo elencados.<\/p>\n<p>Elabora\u00e7\u00e3o de impugna\u00e7\u00f5es e recursos administrativos, an\u00e1lise de contratos administrativos, pareceres, estudo e defini\u00e7\u00e3o de estrat\u00e9gias de conduta de empresas perante a Administra\u00e7\u00e3o P\u00fablica Direta e Indireta.<\/p>\n<p>Atua\u00e7\u00e3o em processos de licita\u00e7\u00e3o e procedimentos administrativos em processos de estrutura\u00e7\u00e3o de opera\u00e7\u00f5es sujeitos \u00e0 notifica\u00e7\u00e3o ou aprova\u00e7\u00e3o por parte da Administra\u00e7\u00e3o P\u00fablica.<\/p>\n<p>Assessoria na presta\u00e7\u00e3o de servi\u00e7os p\u00fablicos no que diz respeito aos aspectos regulat\u00f3rios, contratuais, societ\u00e1rios, ficais, financeiros e ambientais.<\/p>\n<\/div><\/section><\/p><\/div><\/p>\n","protected":false},"excerpt":{"rendered":"","protected":false},"author":2,"featured_media":0,"parent":0,"menu_order":0,"comment_status":"closed","ping_status":"closed","template":"","meta":{"footnotes":""},"class_list":["post-161","page","type-page","status-publish","hentry"],"_links":{"self":[{"href":"http:\/\/silveiraecasado.com.br\/index.php?rest_route=\/wp\/v2\/pages\/161","targetHints":{"allow":["GET"]}}],"collection":[{"href":"http:\/\/silveiraecasado.com.br\/index.php?rest_route=\/wp\/v2\/pages"}],"about":[{"href":"http:\/\/silveiraecasado.com.br\/index.php?rest_route=\/wp\/v2\/types\/page"}],"author":[{"embeddable":true,"href":"http:\/\/silveiraecasado.com.br\/index.php?rest_route=\/wp\/v2\/users\/2"}],"replies":[{"embeddable":true,"href":"http:\/\/silveiraecasado.com.br\/index.php?rest_route=%2Fwp%2Fv2%2Fcomments&post=161"}],"version-history":[{"count":5,"href":"http:\/\/silveiraecasado.com.br\/index.php?rest_route=\/wp\/v2\/pages\/161\/revisions"}],"predecessor-version":[{"id":377,"href":"http:\/\/silveiraecasado.com.br\/index.php?rest_route=\/wp\/v2\/pages\/161\/revisions\/377"}],"wp:attachment":[{"href":"http:\/\/silveiraecasado.com.br\/index.php?rest_route=%2Fwp%2Fv2%2Fmedia&parent=161"}],"curies":[{"name":"wp","href":"https:\/\/api.w.org\/{rel}","templated":true}]}}