{"id":148,"date":"2022-03-24T14:42:08","date_gmt":"2022-03-24T14:42:08","guid":{"rendered":"http:\/\/silveiraecasado.com.br\/?page_id=148"},"modified":"2022-04-18T15:49:07","modified_gmt":"2022-04-18T15:49:07","slug":"civel","status":"publish","type":"page","link":"http:\/\/silveiraecasado.com.br\/?page_id=148","title":{"rendered":"C\u00edvel"},"content":{"rendered":"<div id='av_section_1'  class='avia-section av-l153sfrb-48fe35168683eae2146975cb6de64057 main_color avia-section-default avia-no-border-styling  avia-builder-el-0  el_before_av_section  avia-builder-el-first  avia-bg-style-parallax av-minimum-height av-minimum-height-50  container_wrap fullsize'   data-av_minimum_height_pc='50'><div class='container av-section-cont-open' ><main  role=\"main\" itemprop=\"mainContentOfPage\"  class='template-page content  av-content-full alpha units'><div class='post-entry post-entry-type-page post-entry-148'><div class='entry-content-wrapper clearfix'>\n\n<style type=\"text\/css\" data-created_by=\"avia_inline_auto\" id=\"style-css-av-l153bsnp-d3ac1b8360e019fbf9723cd874d9534f\">\n#top .av-special-heading.av-l153bsnp-d3ac1b8360e019fbf9723cd874d9534f{\npadding-bottom:10px;\ncolor:#ffffff;\n}\nbody .av-special-heading.av-l153bsnp-d3ac1b8360e019fbf9723cd874d9534f .av-special-heading-tag .heading-char{\nfont-size:25px;\n}\n.av-special-heading.av-l153bsnp-d3ac1b8360e019fbf9723cd874d9534f .special-heading-inner-border{\nborder-color:#ffffff;\n}\n.av-special-heading.av-l153bsnp-d3ac1b8360e019fbf9723cd874d9534f .av-subheading{\nfont-size:15px;\n}\n<\/style>\n<div  class='av-special-heading av-l153bsnp-d3ac1b8360e019fbf9723cd874d9534f av-special-heading-h1 custom-color-heading blockquote modern-quote modern-centered  avia-builder-el-1  avia-builder-el-no-sibling '><h1 class='av-special-heading-tag'  itemprop=\"headline\"  >C\u00edvel<\/h1><div class=\"special-heading-border\"><div class=\"special-heading-inner-border\"><\/div><\/div><\/div>\n\n<\/div><\/div><\/main><!-- close content main element --><\/div><\/div><div id='av_section_2'  class='avia-section av-pvgis-b90cd41806667077ec868f5b2eeff390 main_color avia-section-default avia-no-border-styling  avia-builder-el-2  el_after_av_section  el_before_av_section  av-medium-hide av-small-hide av-mini-hide avia-bg-style-scroll container_wrap fullsize'  ><div class='container av-section-cont-open' ><div class='template-page content  av-content-full alpha units'><div class='post-entry post-entry-type-page post-entry-148'><div class='entry-content-wrapper clearfix'>\n<div class='flex_column av-24tjo-37c9daa63da03a318dbc8c9d7685a4d3 av_one_third  avia-builder-el-3  el_before_av_one_third  avia-builder-el-first  first flex_column_div '   ><p>\n<style type=\"text\/css\" data-created_by=\"avia_inline_auto\" id=\"style-css-av-l1548gfq-51c31cd2edde24c39b3a4f9bba2579f2\">\n#top .av-special-heading.av-l1548gfq-51c31cd2edde24c39b3a4f9bba2579f2{\npadding-bottom:10px;\n}\nbody .av-special-heading.av-l1548gfq-51c31cd2edde24c39b3a4f9bba2579f2 .av-special-heading-tag .heading-char{\nfont-size:25px;\n}\n.av-special-heading.av-l1548gfq-51c31cd2edde24c39b3a4f9bba2579f2 .av-subheading{\nfont-size:15px;\n}\n<\/style>\n<div  class='av-special-heading av-l1548gfq-51c31cd2edde24c39b3a4f9bba2579f2 av-special-heading-h3 blockquote modern-quote modern-centered  avia-builder-el-4  el_before_av_textblock  avia-builder-el-first '><h3 class='av-special-heading-tag'  itemprop=\"headline\"  >Atua\u00e7\u00e3o pr\u00e9-contenciosa<\/h3><div class=\"special-heading-border\"><div class=\"special-heading-inner-border\"><\/div><\/div><\/div><br \/>\n\n<style type=\"text\/css\" data-created_by=\"avia_inline_auto\" id=\"style-css-av-l154buvj-20a8a5de97ef60143bd58099dcf5a527\">\n#top .av_textblock_section.av-l154buvj-20a8a5de97ef60143bd58099dcf5a527 .avia_textblock{\ntext-align:justify;\n}\n<\/style>\n<section  class='av_textblock_section av-l154buvj-20a8a5de97ef60143bd58099dcf5a527'  itemscope=\"itemscope\" itemtype=\"https:\/\/schema.org\/CreativeWork\" ><div class='avia_textblock'  itemprop=\"text\" ><p>Visa a preven\u00e7\u00e3o de a\u00e7\u00f5es judiciais e a composi\u00e7\u00e3o de interesses por meio de acordos e transa\u00e7\u00f5es, de modo a garantir que os interesses dos clientes sejam protegidos no caso de posterior discuss\u00e3o em ju\u00edzo, sem perder o foco na busca direta da redu\u00e7\u00e3o de custos que envolveria uma a\u00e7\u00e3o judicial.<\/p>\n<\/div><\/section><\/p><\/div><div class='flex_column av-fpglg-35e9f76f77e16df0b2a04c2d7e31ef9c av_one_third  avia-builder-el-6  el_after_av_one_third  el_before_av_one_third  flex_column_div '   ><p>\n<style type=\"text\/css\" data-created_by=\"avia_inline_auto\" id=\"style-css-av-l154c8ga-3755740ad03c31cefb2605f508b966cc\">\n#top .av-special-heading.av-l154c8ga-3755740ad03c31cefb2605f508b966cc{\npadding-bottom:10px;\n}\nbody .av-special-heading.av-l154c8ga-3755740ad03c31cefb2605f508b966cc .av-special-heading-tag .heading-char{\nfont-size:25px;\n}\n.av-special-heading.av-l154c8ga-3755740ad03c31cefb2605f508b966cc .av-subheading{\nfont-size:15px;\n}\n<\/style>\n<div  class='av-special-heading av-l154c8ga-3755740ad03c31cefb2605f508b966cc av-special-heading-h3 blockquote modern-quote modern-centered  avia-builder-el-7  el_before_av_textblock  avia-builder-el-first '><h3 class='av-special-heading-tag'  itemprop=\"headline\"  >Contencioso c\u00edvel<\/h3><div class=\"special-heading-border\"><div class=\"special-heading-inner-border\"><\/div><\/div><\/div><br \/>\n\n<style type=\"text\/css\" data-created_by=\"avia_inline_auto\" id=\"style-css-av-l154gdqv-b17257e9398a796ebb03028781ddf0e7\">\n#top .av_textblock_section.av-l154gdqv-b17257e9398a796ebb03028781ddf0e7 .avia_textblock{\ntext-align:justify;\n}\n<\/style>\n<section  class='av_textblock_section av-l154gdqv-b17257e9398a796ebb03028781ddf0e7'  itemscope=\"itemscope\" itemtype=\"https:\/\/schema.org\/CreativeWork\" ><div class='avia_textblock'  itemprop=\"text\" ><p>Atua\u00e7\u00e3o em conex\u00e3o direta e permanente com seus clientes, utilizando a parceria para obter efici\u00eancia m\u00e1xima nos processos judiciais e evitar a constitui\u00e7\u00e3o de conting\u00eancias. Clientes com grande volume de processos judiciais encontram uma estrutura com alta qualidade t\u00e9cnica preparada para atuar no plano contencioso, com acompanhamento de processos desde a primeira inst\u00e2ncia at\u00e9 os Tribunais Superiores, em todo o territ\u00f3rio nacional.<\/p>\n<\/div><\/section><\/p><\/div><div class='flex_column av-7ys6s-ab81171fd6bd6a49de3a077f56bffba0 av_one_third  avia-builder-el-9  el_after_av_one_third  avia-builder-el-last  flex_column_div '   ><p>\n<style type=\"text\/css\" data-created_by=\"avia_inline_auto\" id=\"style-css-av-l154gqh5-8dc713752d6f6183318158be32aecf31\">\n#top .av-special-heading.av-l154gqh5-8dc713752d6f6183318158be32aecf31{\npadding-bottom:10px;\n}\nbody .av-special-heading.av-l154gqh5-8dc713752d6f6183318158be32aecf31 .av-special-heading-tag .heading-char{\nfont-size:25px;\n}\n.av-special-heading.av-l154gqh5-8dc713752d6f6183318158be32aecf31 .av-subheading{\nfont-size:15px;\n}\n<\/style>\n<div  class='av-special-heading av-l154gqh5-8dc713752d6f6183318158be32aecf31 av-special-heading-h3 blockquote modern-quote modern-centered  avia-builder-el-10  el_before_av_textblock  avia-builder-el-first '><h3 class='av-special-heading-tag'  itemprop=\"headline\"  >Atividade de gest\u00e3o<\/h3><div class=\"special-heading-border\"><div class=\"special-heading-inner-border\"><\/div><\/div><\/div><br \/>\n\n<style type=\"text\/css\" data-created_by=\"avia_inline_auto\" id=\"style-css-av-l154jrif-5ea4430b7252d7fa62987ec3327ccdbb\">\n#top .av_textblock_section.av-l154jrif-5ea4430b7252d7fa62987ec3327ccdbb .avia_textblock{\ntext-align:justify;\n}\n<\/style>\n<section  class='av_textblock_section av-l154jrif-5ea4430b7252d7fa62987ec3327ccdbb'  itemscope=\"itemscope\" itemtype=\"https:\/\/schema.org\/CreativeWork\" ><div class='avia_textblock'  itemprop=\"text\" ><p>Estabelecer estrategicamente mecanismos eficazes de comunica\u00e7\u00e3o com clientes, aprimorar ferramentas e t\u00e9cnicas de gest\u00e3o aplicadas \u00e0 informa\u00e7\u00e3o jur\u00eddica. atrav\u00e9s de sistemas como o PROJURID, PROJURID 3P e LEGAL ONE.<\/p>\n<\/div><\/section><\/p><\/div><\/div><\/div><\/div><!-- close content main div --><\/div><\/div><div id='av_section_3'  class='avia-section av-l1p5d7u5-2968563eb58161e1e0603b9dd30b7cf9 main_color avia-section-default avia-no-border-styling  avia-builder-el-12  el_after_av_section  avia-builder-el-last  av-desktop-hide avia-bg-style-scroll container_wrap fullsize'  ><div class='container av-section-cont-open' ><div class='template-page content  av-content-full alpha units'><div class='post-entry post-entry-type-page post-entry-148'><div class='entry-content-wrapper clearfix'>\n<div class='flex_column av-2g6hw-0a464108a666d51166de250b4b62e47b av_one_full  avia-builder-el-13  avia-builder-el-no-sibling  first flex_column_div '   ><p>\n<style type=\"text\/css\" data-created_by=\"avia_inline_auto\" id=\"style-css-av-l1p5dy7r-64f6e4db5b45da06d495de06be99143f\">\n#top .av-special-heading.av-l1p5dy7r-64f6e4db5b45da06d495de06be99143f{\npadding-bottom:10px;\n}\nbody .av-special-heading.av-l1p5dy7r-64f6e4db5b45da06d495de06be99143f .av-special-heading-tag .heading-char{\nfont-size:25px;\n}\n.av-special-heading.av-l1p5dy7r-64f6e4db5b45da06d495de06be99143f .av-subheading{\nfont-size:15px;\n}\n<\/style>\n<div  class='av-special-heading av-l1p5dy7r-64f6e4db5b45da06d495de06be99143f av-special-heading-h3 blockquote modern-quote  avia-builder-el-14  el_before_av_textblock  avia-builder-el-first '><h3 class='av-special-heading-tag'  itemprop=\"headline\"  >Atua\u00e7\u00e3o pr\u00e9-contenciosa<\/h3><div class=\"special-heading-border\"><div class=\"special-heading-inner-border\"><\/div><\/div><\/div><br \/>\n\n<style type=\"text\/css\" data-created_by=\"avia_inline_auto\" id=\"style-css-av-k7h5o-6e4fe2d3ae0ab52d77857f360f175f4d\">\n#top .av_textblock_section.av-k7h5o-6e4fe2d3ae0ab52d77857f360f175f4d .avia_textblock{\ntext-align:justify;\n}\n<\/style>\n<section  class='av_textblock_section av-k7h5o-6e4fe2d3ae0ab52d77857f360f175f4d'  itemscope=\"itemscope\" itemtype=\"https:\/\/schema.org\/CreativeWork\" ><div class='avia_textblock'  itemprop=\"text\" ><p>Visa a preven\u00e7\u00e3o de a\u00e7\u00f5es judiciais e a composi\u00e7\u00e3o de interesses por meio de acordos e transa\u00e7\u00f5es, de modo a garantir que os interesses dos clientes sejam protegidos no caso de posterior discuss\u00e3o em ju\u00edzo, sem perder o foco na busca direta da redu\u00e7\u00e3o de custos que envolveria uma a\u00e7\u00e3o judicial.<\/p>\n<\/div><\/section><br \/>\n\n<style type=\"text\/css\" data-created_by=\"avia_inline_auto\" id=\"style-css-av-l1p5e23b-73636088b2481c33d082b2fac7945107\">\n#top .av-special-heading.av-l1p5e23b-73636088b2481c33d082b2fac7945107{\npadding-bottom:10px;\n}\nbody .av-special-heading.av-l1p5e23b-73636088b2481c33d082b2fac7945107 .av-special-heading-tag .heading-char{\nfont-size:25px;\n}\n.av-special-heading.av-l1p5e23b-73636088b2481c33d082b2fac7945107 .av-subheading{\nfont-size:15px;\n}\n<\/style>\n<div  class='av-special-heading av-l1p5e23b-73636088b2481c33d082b2fac7945107 av-special-heading-h3 blockquote modern-quote  avia-builder-el-16  el_after_av_textblock  el_before_av_textblock '><h3 class='av-special-heading-tag'  itemprop=\"headline\"  >Contencioso c\u00edvel<\/h3><div class=\"special-heading-border\"><div class=\"special-heading-inner-border\"><\/div><\/div><\/div><br \/>\n\n<style type=\"text\/css\" data-created_by=\"avia_inline_auto\" id=\"style-css-av-hgess-8b2a2d3bf2dbc227b17bbdc3aa635cb1\">\n#top .av_textblock_section.av-hgess-8b2a2d3bf2dbc227b17bbdc3aa635cb1 .avia_textblock{\ntext-align:justify;\n}\n<\/style>\n<section  class='av_textblock_section av-hgess-8b2a2d3bf2dbc227b17bbdc3aa635cb1'  itemscope=\"itemscope\" itemtype=\"https:\/\/schema.org\/CreativeWork\" ><div class='avia_textblock'  itemprop=\"text\" ><p>Atua\u00e7\u00e3o em conex\u00e3o direta e permanente com seus clientes, utilizando a parceria para obter efici\u00eancia m\u00e1xima nos processos judiciais e evitar a constitui\u00e7\u00e3o de conting\u00eancias. Clientes com grande volume de processos judiciais encontram uma estrutura com alta qualidade t\u00e9cnica preparada para atuar no plano contencioso, com acompanhamento de processos desde a primeira inst\u00e2ncia at\u00e9 os Tribunais Superiores, em todo o territ\u00f3rio nacional.<\/p>\n<\/div><\/section><br \/>\n\n<style type=\"text\/css\" data-created_by=\"avia_inline_auto\" id=\"style-css-av-l1p5e7np-81b7442e1c0dafe406f23102a3260282\">\n#top .av-special-heading.av-l1p5e7np-81b7442e1c0dafe406f23102a3260282{\npadding-bottom:10px;\n}\nbody .av-special-heading.av-l1p5e7np-81b7442e1c0dafe406f23102a3260282 .av-special-heading-tag .heading-char{\nfont-size:25px;\n}\n.av-special-heading.av-l1p5e7np-81b7442e1c0dafe406f23102a3260282 .av-subheading{\nfont-size:15px;\n}\n<\/style>\n<div  class='av-special-heading av-l1p5e7np-81b7442e1c0dafe406f23102a3260282 av-special-heading-h3 blockquote modern-quote  avia-builder-el-18  el_after_av_textblock  el_before_av_textblock '><h3 class='av-special-heading-tag'  itemprop=\"headline\"  >Atividade de gest\u00e3o<\/h3><div class=\"special-heading-border\"><div class=\"special-heading-inner-border\"><\/div><\/div><\/div><br \/>\n\n<style type=\"text\/css\" data-created_by=\"avia_inline_auto\" id=\"style-css-av-9gilo-ce53afbac44483d77818ebf968651963\">\n#top .av_textblock_section.av-9gilo-ce53afbac44483d77818ebf968651963 .avia_textblock{\ntext-align:justify;\n}\n<\/style>\n<section  class='av_textblock_section av-9gilo-ce53afbac44483d77818ebf968651963'  itemscope=\"itemscope\" itemtype=\"https:\/\/schema.org\/CreativeWork\" ><div class='avia_textblock'  itemprop=\"text\" ><p>Estabelecer estrategicamente mecanismos eficazes de comunica\u00e7\u00e3o com clientes, aprimorar ferramentas e t\u00e9cnicas de gest\u00e3o aplicadas \u00e0 informa\u00e7\u00e3o jur\u00eddica. atrav\u00e9s de sistemas como o PROJURID, PROJURID 3P e LEGAL ONE.<\/p>\n<\/div><\/section><\/p><\/div><\/p>\n","protected":false},"excerpt":{"rendered":"","protected":false},"author":2,"featured_media":0,"parent":0,"menu_order":0,"comment_status":"closed","ping_status":"closed","template":"","meta":{"footnotes":""},"class_list":["post-148","page","type-page","status-publish","hentry"],"_links":{"self":[{"href":"http:\/\/silveiraecasado.com.br\/index.php?rest_route=\/wp\/v2\/pages\/148","targetHints":{"allow":["GET"]}}],"collection":[{"href":"http:\/\/silveiraecasado.com.br\/index.php?rest_route=\/wp\/v2\/pages"}],"about":[{"href":"http:\/\/silveiraecasado.com.br\/index.php?rest_route=\/wp\/v2\/types\/page"}],"author":[{"embeddable":true,"href":"http:\/\/silveiraecasado.com.br\/index.php?rest_route=\/wp\/v2\/users\/2"}],"replies":[{"embeddable":true,"href":"http:\/\/silveiraecasado.com.br\/index.php?rest_route=%2Fwp%2Fv2%2Fcomments&post=148"}],"version-history":[{"count":8,"href":"http:\/\/silveiraecasado.com.br\/index.php?rest_route=\/wp\/v2\/pages\/148\/revisions"}],"predecessor-version":[{"id":380,"href":"http:\/\/silveiraecasado.com.br\/index.php?rest_route=\/wp\/v2\/pages\/148\/revisions\/380"}],"wp:attachment":[{"href":"http:\/\/silveiraecasado.com.br\/index.php?rest_route=%2Fwp%2Fv2%2Fmedia&parent=148"}],"curies":[{"name":"wp","href":"https:\/\/api.w.org\/{rel}","templated":true}]}}